{"id":8354,"date":"2020-05-29T15:12:36","date_gmt":"2020-05-29T13:12:36","guid":{"rendered":"https:\/\/www.royalcathotel.hr\/web\/?page_id=8354"},"modified":"2020-05-29T15:39:38","modified_gmt":"2020-05-29T13:39:38","slug":"luksuzni-hotel-za-macke","status":"publish","type":"page","link":"https:\/\/www.royalcathotel.hr\/web\/luksuzni-hotel-za-macke\/","title":{"rendered":"Luksuzni Hotel za Ma\u010dke (HRT)"},"content":{"rendered":"<p><img decoding=\"async\" loading=\"lazy\" class=\"wp-image-7470 alignleft\" src=\"https:\/\/www.royalcathotel.hr\/web\/wp-content\/uploads\/2020\/05\/MACA1.png.688x388_q85_crop_upscale.jpg\" alt=\"\u010cuvanje ma\u010daka - Royal Cat Hotel\" width=\"518\" height=\"292\"> Luksuz, njega, udobnost sa strogim higijenskim pravilima pona\u0161anja, sve to mogu u\u017eivati ma\u010dke u hotelu namijenjenom isklju\u010divo njima. Ma\u010dji hotel otvoren je u Dugom Selu. Vlasnice su ga s ljubavlju uredile i opremile ba\u0161 onako kako bi one voljele da imaju smje\u0161taj za vlastite mace.<\/p>\n<p><strong>Mirjana Sovi\u0107<\/strong>&nbsp;je po struci medicinska sestra,&nbsp; godinama je radila kao voditeljica prodaje u automobilskoj tvrtki. U velja\u010di je&nbsp; dala otkaz i s kolegicom Rahelom Cvitkovi\u0107&nbsp; iskoristila poticaje HZZ-a za samozapo\u0161ljavanje i otvaranje obrta. Unajmile su 120 kvadrata&nbsp; prostora u Dugom Selu i krenule s poslom.<\/p>\n<p>&#8211; Ma\u010dkama jednostavno nema nikakve pomo\u0107i. Nema smje\u0161taja, hotela. Ni\u0161ta za njih ne postoji, rekla je Mirjana.<\/p>\n<p>U ma\u010djem hotelu mace se mogu potpuno opustiti, penjati se ili izle\u017eavati do mile volje. Cijeli kompleks je pod video nadzorom&nbsp; pa vlasnik mo\u017ee u svakom trenutku vidjeti \u0161to njegova ma\u010dka radi.<\/p>\n<p>Mirjana i Rahela&nbsp; dugi niz godina zbrinjavaju uli\u010dne ma\u010dke, te su \u010dlanice udruga za za\u0161titu \u017eivotinja. Poma\u017eu i udomljavanju napu\u0161tenih ma\u010daka kroz projekt \u201eUdomi macu&#8221;.<\/p>\n<p>&#8211; Pokrenuli smo projekt \u201eUdomi macu\u201c sa \u017eeljom da pomognemo udrugama i volonterima tako da na\u0111emo sponzore za boksove za mace koje se spasu s ceste, rekla je&nbsp;<strong>Rahela Cvitkovi\u0107<\/strong>, suvlasnica Royal Cat Hotela, Dugo Selo.<\/p>\n<p>Problem napu\u0161tanja i nekontroliranog razmno\u017eavanja ma\u010daka u nas nema sustavnog rje\u0161enja. Udruge ve\u0107 dulje vrijeme isti\u010du potrebu za zakonski obaveznom kastracijom ma\u010daka te otvaranjem ma\u010djeg azila. A vlasnike ovih umiljatih \u010detverono\u017eaca mole da ih olako ne napu\u0161taju, nego da im prona\u0111u adekvatan smje\u0161taj. Primjerice, trodnevni smje\u0161taj u ma\u010djem hotelu stoji 130 kn na dan, smje\u0161taj izme\u0111u 4 i 14 dana 100 kn na dan. Mirjana i Rahela uvjerene su u uspje\u0161nost&nbsp; toga \u0161to rade. Najva\u017enije im je, ka\u017eu, da su ma\u010dke zadovoljne i zbrinute, a one rade ono \u0161to vole.<\/p>\n<p>Izvor: HRT (<a href=\"https:\/\/magazin.hrt.hr\/524318\/luksuzni-hotel-za-macke\" target=\"_blank\" rel=\"noopener noreferrer\">https:\/\/magazin.hrt.hr\/524318\/luksuzni-hotel-za-macke<\/a>)<\/p>\n","protected":false},"excerpt":{"rendered":"<p>Luksuz, njega, udobnost sa strogim higijenskim pravilima pona\u0161anja, sve to mogu u\u017eivati ma\u010dke u hotelu namijenjenom isklju\u010divo njima. Ma\u010dji hotel otvoren je u Dugom Selu. Vlasnice su ga s ljubavlju uredile i opremile ba\u0161 onako kako bi one voljele da imaju smje\u0161taj za vlastite mace. Mirjana Sovi\u0107&nbsp;je po struci medicinska sestra,&nbsp; godinama je radila kao [&hellip;]<\/p>\n","protected":false},"author":1,"featured_media":0,"parent":0,"menu_order":0,"comment_status":"closed","ping_status":"closed","template":"","meta":[],"yoast_head":"<!-- This site is optimized with the Yoast SEO plugin v19.13 - https:\/\/yoast.com\/wordpress\/plugins\/seo\/ -->\n<title>Luksuzni Hotel za Ma\u010dke (HRT) - Royal Cat Hotel<\/title>\n<meta name=\"description\" content=\"Luksuz, njega i udobnost sa strogim higijenskim pravilima pona\u0161anja. U ma\u010djem hotelu mace se mogu potpuno opustiti, penjati se ili izle\u017eavati do mile volje.\" \/>\n<meta name=\"robots\" content=\"index, follow, max-snippet:-1, max-image-preview:large, max-video-preview:-1\" \/>\n<link rel=\"canonical\" href=\"https:\/\/www.royalcathotel.hr\/web\/luksuzni-hotel-za-macke\/\" \/>\n<meta property=\"og:locale\" content=\"hr_HR\" \/>\n<meta property=\"og:type\" content=\"article\" \/>\n<meta property=\"og:title\" content=\"Luksuzni Hotel za Ma\u010dke (HRT) - Royal Cat Hotel\" \/>\n<meta property=\"og:description\" content=\"Luksuz, njega i udobnost sa strogim higijenskim pravilima pona\u0161anja. U ma\u010djem hotelu mace se mogu potpuno opustiti, penjati se ili izle\u017eavati do mile volje.\" \/>\n<meta property=\"og:url\" content=\"https:\/\/www.royalcathotel.hr\/web\/luksuzni-hotel-za-macke\/\" \/>\n<meta property=\"og:site_name\" content=\"Royal Cat Hotel\" \/>\n<meta property=\"article:publisher\" content=\"https:\/\/www.facebook.com\/RoyalCatHotel.HR\/\" \/>\n<meta property=\"article:modified_time\" content=\"2020-05-29T13:39:38+00:00\" \/>\n<meta property=\"og:image\" content=\"https:\/\/www.royalcathotel.hr\/web\/wp-content\/uploads\/2020\/05\/MACA1.png.688x388_q85_crop_upscale.jpg\" \/>\n<meta name=\"twitter:card\" content=\"summary_large_image\" \/>\n<meta name=\"twitter:label1\" content=\"Procijenjeno vrijeme \u010ditanja\" \/>\n\t<meta name=\"twitter:data1\" content=\"2 minute\" \/>\n<script type=\"application\/ld+json\" class=\"yoast-schema-graph\">{\"@context\":\"https:\/\/schema.org\",\"@graph\":[{\"@type\":\"WebPage\",\"@id\":\"https:\/\/www.royalcathotel.hr\/web\/luksuzni-hotel-za-macke\/\",\"url\":\"https:\/\/www.royalcathotel.hr\/web\/luksuzni-hotel-za-macke\/\",\"name\":\"Luksuzni Hotel za Ma\u010dke (HRT) - Royal Cat Hotel\",\"isPartOf\":{\"@id\":\"https:\/\/www.royalcathotel.hr\/web\/#website\"},\"datePublished\":\"2020-05-29T13:12:36+00:00\",\"dateModified\":\"2020-05-29T13:39:38+00:00\",\"description\":\"Luksuz, njega i udobnost sa strogim higijenskim pravilima pona\u0161anja. U ma\u010djem hotelu mace se mogu potpuno opustiti, penjati se ili izle\u017eavati do mile volje.\",\"breadcrumb\":{\"@id\":\"https:\/\/www.royalcathotel.hr\/web\/luksuzni-hotel-za-macke\/#breadcrumb\"},\"inLanguage\":\"hr\",\"potentialAction\":[{\"@type\":\"ReadAction\",\"target\":[\"https:\/\/www.royalcathotel.hr\/web\/luksuzni-hotel-za-macke\/\"]}]},{\"@type\":\"BreadcrumbList\",\"@id\":\"https:\/\/www.royalcathotel.hr\/web\/luksuzni-hotel-za-macke\/#breadcrumb\",\"itemListElement\":[{\"@type\":\"ListItem\",\"position\":1,\"name\":\"Po\u010detna stranica\",\"item\":\"https:\/\/www.royalcathotel.hr\/web\/\"},{\"@type\":\"ListItem\",\"position\":2,\"name\":\"Luksuzni Hotel za Ma\u010dke (HRT)\"}]},{\"@type\":\"WebSite\",\"@id\":\"https:\/\/www.royalcathotel.hr\/web\/#website\",\"url\":\"https:\/\/www.royalcathotel.hr\/web\/\",\"name\":\"Royal Cat Hotel\",\"description\":\"\u017divot na visokoj \u0161api\",\"potentialAction\":[{\"@type\":\"SearchAction\",\"target\":{\"@type\":\"EntryPoint\",\"urlTemplate\":\"https:\/\/www.royalcathotel.hr\/web\/?s={search_term_string}\"},\"query-input\":\"required name=search_term_string\"}],\"inLanguage\":\"hr\"}]}<\/script>\n<!-- \/ Yoast SEO plugin. -->","yoast_head_json":{"title":"Luksuzni Hotel za Ma\u010dke (HRT) - Royal Cat Hotel","description":"Luksuz, njega i udobnost sa strogim higijenskim pravilima pona\u0161anja. U ma\u010djem hotelu mace se mogu potpuno opustiti, penjati se ili izle\u017eavati do mile volje.","robots":{"index":"index","follow":"follow","max-snippet":"max-snippet:-1","max-image-preview":"max-image-preview:large","max-video-preview":"max-video-preview:-1"},"canonical":"https:\/\/www.royalcathotel.hr\/web\/luksuzni-hotel-za-macke\/","og_locale":"hr_HR","og_type":"article","og_title":"Luksuzni Hotel za Ma\u010dke (HRT) - Royal Cat Hotel","og_description":"Luksuz, njega i udobnost sa strogim higijenskim pravilima pona\u0161anja. U ma\u010djem hotelu mace se mogu potpuno opustiti, penjati se ili izle\u017eavati do mile volje.","og_url":"https:\/\/www.royalcathotel.hr\/web\/luksuzni-hotel-za-macke\/","og_site_name":"Royal Cat Hotel","article_publisher":"https:\/\/www.facebook.com\/RoyalCatHotel.HR\/","article_modified_time":"2020-05-29T13:39:38+00:00","og_image":[{"url":"https:\/\/www.royalcathotel.hr\/web\/wp-content\/uploads\/2020\/05\/MACA1.png.688x388_q85_crop_upscale.jpg"}],"twitter_card":"summary_large_image","twitter_misc":{"Procijenjeno vrijeme \u010ditanja":"2 minute"},"schema":{"@context":"https:\/\/schema.org","@graph":[{"@type":"WebPage","@id":"https:\/\/www.royalcathotel.hr\/web\/luksuzni-hotel-za-macke\/","url":"https:\/\/www.royalcathotel.hr\/web\/luksuzni-hotel-za-macke\/","name":"Luksuzni Hotel za Ma\u010dke (HRT) - Royal Cat Hotel","isPartOf":{"@id":"https:\/\/www.royalcathotel.hr\/web\/#website"},"datePublished":"2020-05-29T13:12:36+00:00","dateModified":"2020-05-29T13:39:38+00:00","description":"Luksuz, njega i udobnost sa strogim higijenskim pravilima pona\u0161anja. U ma\u010djem hotelu mace se mogu potpuno opustiti, penjati se ili izle\u017eavati do mile volje.","breadcrumb":{"@id":"https:\/\/www.royalcathotel.hr\/web\/luksuzni-hotel-za-macke\/#breadcrumb"},"inLanguage":"hr","potentialAction":[{"@type":"ReadAction","target":["https:\/\/www.royalcathotel.hr\/web\/luksuzni-hotel-za-macke\/"]}]},{"@type":"BreadcrumbList","@id":"https:\/\/www.royalcathotel.hr\/web\/luksuzni-hotel-za-macke\/#breadcrumb","itemListElement":[{"@type":"ListItem","position":1,"name":"Po\u010detna stranica","item":"https:\/\/www.royalcathotel.hr\/web\/"},{"@type":"ListItem","position":2,"name":"Luksuzni Hotel za Ma\u010dke (HRT)"}]},{"@type":"WebSite","@id":"https:\/\/www.royalcathotel.hr\/web\/#website","url":"https:\/\/www.royalcathotel.hr\/web\/","name":"Royal Cat Hotel","description":"\u017divot na visokoj \u0161api","potentialAction":[{"@type":"SearchAction","target":{"@type":"EntryPoint","urlTemplate":"https:\/\/www.royalcathotel.hr\/web\/?s={search_term_string}"},"query-input":"required name=search_term_string"}],"inLanguage":"hr"}]}},"_links":{"self":[{"href":"https:\/\/www.royalcathotel.hr\/web\/wp-json\/wp\/v2\/pages\/8354"}],"collection":[{"href":"https:\/\/www.royalcathotel.hr\/web\/wp-json\/wp\/v2\/pages"}],"about":[{"href":"https:\/\/www.royalcathotel.hr\/web\/wp-json\/wp\/v2\/types\/page"}],"author":[{"embeddable":true,"href":"https:\/\/www.royalcathotel.hr\/web\/wp-json\/wp\/v2\/users\/1"}],"replies":[{"embeddable":true,"href":"https:\/\/www.royalcathotel.hr\/web\/wp-json\/wp\/v2\/comments?post=8354"}],"version-history":[{"count":7,"href":"https:\/\/www.royalcathotel.hr\/web\/wp-json\/wp\/v2\/pages\/8354\/revisions"}],"predecessor-version":[{"id":8363,"href":"https:\/\/www.royalcathotel.hr\/web\/wp-json\/wp\/v2\/pages\/8354\/revisions\/8363"}],"wp:attachment":[{"href":"https:\/\/www.royalcathotel.hr\/web\/wp-json\/wp\/v2\/media?parent=8354"}],"curies":[{"name":"wp","href":"https:\/\/api.w.org\/{rel}","templated":true}]}}