{"id":661,"date":"2015-01-22T16:35:12","date_gmt":"2015-01-22T15:35:12","guid":{"rendered":"http:\/\/localhost:8888\/construction\/?page_id=661"},"modified":"2025-11-08T21:56:34","modified_gmt":"2025-11-08T20:56:34","slug":"cuvanje-macaka-u-hotelu","status":"publish","type":"page","link":"https:\/\/www.royalcathotel.hr\/web\/cuvanje-macaka-u-hotelu\/","title":{"rendered":"Usluge i cijene \u010duvanja ma\u010daka"},"content":{"rendered":"<div id=\"pl-661\"  class=\"panel-layout\" ><div id=\"pg-661-0\"  class=\"panel-grid panel-no-style\" ><div id=\"pgc-661-0-0\"  class=\"panel-grid-cell\" ><div id=\"panel-661-0-0-0\" class=\"so-panel widget widget_black-studio-tinymce widget_black_studio_tinymce panel-first-child panel-last-child\" data-index=\"0\" ><h3 class=\"widget-title\"><span class=\"light\">Usluge<\/span> i cijene \u010duvanja ma\u010daka<\/h3><div class=\"textwidget\"><p>Vlasnici mogu birati da li \u0107e donijeti vlastitu hranu za macu tijekom boravka u hotelu ili \u017eele koristiti proizvode od hotela - Super premium hrana kao \u0161to je Hill\u2019s ili Organski Bio Schesir koji sadr\u017ei \u017eitarice uzgojene bez kemijske oplodnje i meso \u017eivotinja koje se uzgaja po\u0161tuju\u0107i na\u0107ela dobrobiti \u017eivotinja, kao i svi Schesir proizvodi i suha hrana je Cruelty free \u0161to zna\u010di da nikakvi invazivni testovi nisu provedeni na \u017eivotinjama tijekom proizvodnje.<\/p>\n<p>U hotelu koristimo premium pijesak za ma\u010dke Ever Clean.<\/p>\n<\/div><\/div><\/div><div id=\"pgc-661-0-1\"  class=\"panel-grid-cell\" ><div id=\"panel-661-0-1-0\" class=\"so-panel widget widget_black-studio-tinymce widget_black_studio_tinymce panel-first-child panel-last-child\" data-index=\"1\" ><div class=\"textwidget\"><p><a href=\"https:\/\/www.royalcathotel.hr\/web\/wp-content\/uploads\/2019\/05\/004-A.jpg\"><img class=\"alignnone wp-image-7255 size-full\" src=\"https:\/\/www.royalcathotel.hr\/web\/wp-content\/uploads\/2019\/05\/004.jpg\" alt=\"\" width=\"850\" height=\"450\" \/><\/a><\/p>\n<\/div><\/div><\/div><\/div><div id=\"pg-661-1\"  class=\"panel-grid panel-no-style\" ><div id=\"pgc-661-1-0\"  class=\"panel-grid-cell\" ><div id=\"panel-661-1-0-0\" class=\"so-panel widget widget_black-studio-tinymce widget_black_studio_tinymce panel-first-child panel-last-child\" data-index=\"2\" ><h3 class=\"widget-title\"><span class=\"light\">Cijene<\/span> paketa<\/h3><div class=\"textwidget\"><\/div><\/div><\/div><div id=\"pgc-661-1-1\"  class=\"panel-grid-cell panel-grid-cell-empty\" ><\/div><div id=\"pgc-661-1-2\"  class=\"panel-grid-cell panel-grid-cell-empty panel-grid-cell-mobile-last\" ><\/div><div id=\"pgc-661-1-3\"  class=\"panel-grid-cell panel-grid-cell-empty\" ><\/div><\/div><div id=\"pg-661-2\"  class=\"panel-grid panel-no-style\" ><div id=\"pgc-661-2-0\"  class=\"panel-grid-cell\" ><div id=\"panel-661-2-0-0\" class=\"so-panel widget widget_black-studio-tinymce widget_black_studio_tinymce panel-first-child panel-last-child\" data-index=\"3\" ><div class=\"textwidget\"><h2 style=\"color: #5d4e42; font-size: 24px;\">*ROYAL VIP<\/h2>\n<h3 style=\"font-size: 18px;\">Smje\u0161taj od 1 - 3 dana<br \/>\n<strong>27 \u20ac\/dan<\/strong><\/h3>\n<\/div><\/div><\/div><div id=\"pgc-661-2-1\"  class=\"panel-grid-cell\" ><div id=\"panel-661-2-1-0\" class=\"so-panel widget widget_black-studio-tinymce widget_black_studio_tinymce panel-first-child panel-last-child\" data-index=\"4\" ><div class=\"textwidget\"><h2 style=\"color: #5d4e42; font-size: 24px;\">*ROYAL VIP<\/h2>\n<h3 style=\"font-size: 18px;\">Smje\u0161taj od 4 - 7 dana<br \/>\n<strong>25 \u20ac\/dan<\/strong><\/h3>\n<\/div><\/div><\/div><div id=\"pgc-661-2-2\"  class=\"panel-grid-cell\" ><div id=\"panel-661-2-2-0\" class=\"so-panel widget widget_black-studio-tinymce widget_black_studio_tinymce panel-first-child panel-last-child\" data-index=\"5\" ><div class=\"textwidget\"><h2 style=\"color: #5d4e42; font-size: 24px;\">*ROYAL CLASSIC<\/h2>\n<h3 style=\"font-size: 18px;\">Smje\u0161taj od 1 - 3 dana<br \/>\n<strong>22 \u20ac\/dan<\/strong><\/h3>\n<\/div><\/div><\/div><div id=\"pgc-661-2-3\"  class=\"panel-grid-cell\" ><div id=\"panel-661-2-3-0\" class=\"so-panel widget widget_black-studio-tinymce widget_black_studio_tinymce panel-first-child panel-last-child\" data-index=\"6\" ><div class=\"textwidget\"><h2 style=\"color: #5d4e42; font-size: 24px;\">*ROYAL CLASSIC<\/h2>\n<h3 style=\"font-size: 18px;\">Smje\u0161taj od 4 - 7 dana<br \/>\n<strong>20 \u20ac\/dan<\/strong><\/h3>\n<\/div><\/div><\/div><\/div><div id=\"pg-661-3\"  class=\"panel-grid panel-no-style\" ><div id=\"pgc-661-3-0\"  class=\"panel-grid-cell\" ><div id=\"panel-661-3-0-0\" class=\"so-panel widget widget_black-studio-tinymce widget_black_studio_tinymce panel-first-child panel-last-child\" data-index=\"7\" ><div class=\"textwidget\"><p>*u cijenu ROYAL CLASSIC apartmana <strong>uklju\u010den je pijesak <\/strong><br \/>\n u cijenu ROYAL VIP apartmana <strong>uklju\u010den je pijesak i svje\u017ea ma\u010dja trava, video nadzor<\/strong><\/p>\n<p>Smje\u0161taj mace du\u017ee od 7 dana - cijena po dogovoru i ovisno o broju maca.<br \/>\nDruga i vi\u0161e maca istog vlasnika koje su smje\u0161tene u istom apartmanu -\u00a0<strong>50% popust!<\/strong><\/p>\n<\/div><\/div><\/div><\/div><div id=\"pg-661-4\"  class=\"panel-grid panel-no-style\" ><div id=\"pgc-661-4-0\"  class=\"panel-grid-cell\" ><div id=\"panel-661-4-0-0\" class=\"so-panel widget widget_black-studio-tinymce widget_black_studio_tinymce panel-first-child panel-last-child\" data-index=\"8\" ><div class=\"textwidget\"><p><img class=\"size-full wp-image-6403 aligncenter\" src=\"https:\/\/export-xml.qreativethemes.com\/thelandscaper\/wp-content\/uploads\/sites\/2\/2015\/07\/img_divider.png\" alt=\"img_divider\" width=\"1128\" height=\"14\" \/><\/p>\n<\/div><\/div><\/div><\/div><div id=\"pg-661-5\"  class=\"panel-grid panel-no-style\" ><div id=\"pgc-661-5-0\"  class=\"panel-grid-cell\" ><div id=\"panel-661-5-0-0\" class=\"so-panel widget widget_qt_icon_box widget-icon-box panel-first-child\" data-index=\"9\" >\t\t\t\t<a class=\"icon-box icon-big\" href=\"https:\/\/www.royalcathotel.hr\/web\/kontaktirajte-nas\/\" >\n\t\t\t\t\t\t\t\t<i class=\"fa fa-phone\"><\/i>\n\t\t\t\t\t\t\t\t\t\t\t<h6 class=\"title\">Kontaktirajte nas<\/h6>\n\t\t\t\t\t\t\t\t\t\t\t\t\t\t\t\t<span class=\"subtitle\">Slobodno nas kontaktirajte ukoliko imate dodatnih pitanja ili nejasno\u0107a: na mail  info@royalcathotel.hr ili se javite telefonskim putem na fiksni broj 01\/ 32 32 323, ili na brojeve mobitela 099\/39 39 900 ili 095\/ 91 03 307. <\/span>\n\t\t\t\t\t\t\t\t<\/a>\n\n\t\t\t<\/div><div id=\"panel-661-5-0-1\" class=\"so-panel widget widget_qt_icon_box widget-icon-box panel-last-child\" data-index=\"10\" >\t\t\t\t<a class=\"icon-box icon-big\" href=\"https:\/\/www.royalcathotel.hr\/web\/rezervirajte-smjestaj\/\" >\n\t\t\t\t\t\t\t\t<i class=\"fa fa-calendar-o\"><\/i>\n\t\t\t\t\t\t\t\t\t\t\t<h6 class=\"title\">Zatra\u017eite ponudu<\/h6>\n\t\t\t\t\t\t\t\t\t\t\t\t\t\t\t\t<span class=\"subtitle\">Veselimo se va\u0161im macama! Rezervirajte smje\u0161taj na vrijeme.<\/span>\n\t\t\t\t\t\t\t\t<\/a>\n\n\t\t\t<\/div><\/div><div id=\"pgc-661-5-1\"  class=\"panel-grid-cell\" ><div id=\"panel-661-5-1-0\" class=\"so-panel widget widget_black-studio-tinymce widget_black_studio_tinymce panel-first-child panel-last-child\" data-index=\"11\" ><div class=\"textwidget\"><h3>Dodatne usluge<\/h3>\n<p><span style=\"color: #5e4f43; font-size: 18px;\"><span class=\"icon-wrap\"><i class=\"fa fa-check-circle-o\"><\/i><\/span><\/span> <strong>Kori\u0161tenje video nadzora hotela <\/strong>- 10 \u20ac<br \/>\n(u\u017eivo za cijelo vrijeme boravka)<br \/>\n<span style=\"color: #5e4f43; font-size: 18px;\"><span class=\"icon-wrap\"><i class=\"fa fa-check-circle-o\"><\/i><\/span><\/span>\u00a0<strong>Dnevni vrti\u0107 za mace<\/strong> - 15 \u20ac\/po danu<br \/>\n(do 12 sati dnevno -uklju\u010dena hrana i pijesak)<br \/>\n<span style=\"color: #5e4f43; font-size: 18px;\"><span class=\"icon-wrap\"><i class=\"fa fa-check-circle-o\"><\/i><\/span><\/span>\u00a0<strong>Dodatni boravak 1\/2 dana<\/strong> - 15 \u20ac<br \/>\n<span style=\"color: #5e4f43; font-size: 18px;\"><span class=\"icon-wrap\"><i class=\"fa fa-check-circle-o\"><\/i><\/span><\/span>\u00a0<strong>Kori\u0161tenje Royal cat hotel hrane i mokre hrane Bio Schesir\/Hill's <\/strong>\u00a0- 5 \u20ac\/po danu (uz zakup apartmana)<br \/>\n<span style=\"color: #5e4f43; font-size: 18px;\"><span class=\"icon-wrap\"><i class=\"fa fa-check-circle-o\"><\/i><\/span><\/span>\u00a0<strong>Odvoz mace do veterinara ukoliko je na terapiji<\/strong> - 25 \u20ac\/po vo\u017enji<br \/>\n(za vrijeme smje\u0161taja u hotelu)<br \/>\n<span style=\"color: #5e4f43; font-size: 18px;\"><span class=\"icon-wrap\"><i class=\"fa fa-check-circle-o\"><\/i><\/span><\/span>\u00a0<strong>Davanje terapije maci<\/strong> - 3 \u20ac\/po danu<br \/>\n(tablete, kapi, sirup, inhalacija i sl. za vrijeme smje\u0161taja u hotelu)<br \/>\n<span style=\"color: #5e4f43; font-size: 18px;\"><span class=\"icon-wrap\"><i class=\"fa fa-check-circle-o\"><\/i><\/span><\/span>\u00a0<strong>Paket Royal Spa<\/strong> - 15 \u20ac<br \/>\nUklju\u010duje cijelokupnu njegu mace koja boravi u hotelu<br \/>\n(\u010di\u0161\u0107enje u\u0161ki, njega krzna i rezanja nokti\u0107a)<\/p>\n<\/div><\/div><\/div><\/div><div id=\"pg-661-6\"  class=\"panel-grid panel-no-style\" ><div id=\"pgc-661-6-0\"  class=\"panel-grid-cell\" ><div id=\"panel-661-6-0-0\" class=\"so-panel widget widget_black-studio-tinymce widget_black_studio_tinymce panel-first-child panel-last-child\" data-index=\"12\" ><h3 class=\"widget-title\"><span class=\"light\">Uvjeti<\/span> smje\u0161taja mace u hotelu<\/h3><div class=\"textwidget\"><p>Prije dolaska u hotel vlasnik mora brinuti o tome da je maca:<\/p>\n<ul>\n<li>Uredno cijepljena protiv zaraznih bolesti (dokaz od veterinara)<\/li>\n<li>O\u010di\u0161\u0107ena od svih nametnika (vanjskih i unutarnjih), to zna\u010di tjedan dana prije dolaska u hotel macu treba tretirati sa Caniverm tableticom ili sli\u010dnim proizvodima.<\/li>\n<li>Sterilizirana\/kastrirana ako nije uzgojna maca<\/li>\n<li>Nau\u010dena na ma\u010dji WC<\/li>\n<\/ul>\n<p><strong>Pri dolasku s macom u hotel, svaki vlasnik<\/strong> je du\u017ean popuniti formular sa pitanjima o op\u0107em zdravstvenom stanju mace, njenim navikama hranjenje is sl. te ostaviti svoje podatke i potpisati <strong>Ugovor o privremenom boravku<\/strong> mace u Royal Cat Hotelu.<\/p>\n<p><strong>Mace na terapiji i seniori<\/strong> mogu biti <strong>smje\u0161teni i tretirani<\/strong> na osnovu <strong>preporuke veterinara<\/strong>, a <strong>u slu\u010daju potrebe S.O.S. veterinarske intervencije<\/strong> na raspolaganju nam stoji 24 sata na dan <strong>specijalisti\u010dka veterinarska ambulanta<\/strong> te <strong>de\u017eurni veterinar koji po pozivu dolazi u hotel<\/strong>.<\/p>\n<\/div><\/div><\/div><\/div><\/div>","protected":false},"excerpt":{"rendered":"<p>Usluge i cijene \u010duvanja ma\u010dakaVlasnici mogu birati da li \u0107e donijeti vlastitu hranu za macu tijekom boravka u hotelu ili \u017eele koristiti proizvode od hotela &#8211; Super premium hrana kao \u0161to je Hill\u2019s ili Organski Bio Schesir koji sadr\u017ei \u017eitarice uzgojene bez kemijske oplodnje i meso \u017eivotinja koje se uzgaja po\u0161tuju\u0107i na\u0107ela dobrobiti \u017eivotinja, kao [&hellip;]<\/p>\n","protected":false},"author":1,"featured_media":0,"parent":0,"menu_order":0,"comment_status":"closed","ping_status":"closed","template":"","meta":[],"yoast_head":"<!-- This site is optimized with the Yoast SEO plugin v19.13 - https:\/\/yoast.com\/wordpress\/plugins\/seo\/ -->\n<title>Usluge i cijene \u010duvanja ma\u010daka - Royal Cat Hotel<\/title>\n<meta name=\"robots\" content=\"index, follow, max-snippet:-1, max-image-preview:large, max-video-preview:-1\" \/>\n<link rel=\"canonical\" href=\"https:\/\/www.royalcathotel.hr\/web\/cuvanje-macaka-u-hotelu\/\" \/>\n<meta property=\"og:locale\" content=\"hr_HR\" \/>\n<meta property=\"og:type\" content=\"article\" \/>\n<meta property=\"og:title\" content=\"Usluge i cijene \u010duvanja ma\u010daka - Royal Cat Hotel\" \/>\n<meta property=\"og:description\" content=\"Usluge i cijene \u010duvanja ma\u010dakaVlasnici mogu birati da li \u0107e donijeti vlastitu hranu za macu tijekom boravka u hotelu ili \u017eele koristiti proizvode od hotela - Super premium hrana kao \u0161to je Hill\u2019s ili Organski Bio Schesir koji sadr\u017ei \u017eitarice uzgojene bez kemijske oplodnje i meso \u017eivotinja koje se uzgaja po\u0161tuju\u0107i na\u0107ela dobrobiti \u017eivotinja, kao [&hellip;]\" \/>\n<meta property=\"og:url\" content=\"https:\/\/www.royalcathotel.hr\/web\/cuvanje-macaka-u-hotelu\/\" \/>\n<meta property=\"og:site_name\" content=\"Royal Cat Hotel\" \/>\n<meta property=\"article:publisher\" content=\"https:\/\/www.facebook.com\/RoyalCatHotel.HR\/\" \/>\n<meta property=\"article:modified_time\" content=\"2025-11-08T20:56:34+00:00\" \/>\n<meta property=\"og:image\" content=\"https:\/\/www.royalcathotel.hr\/web\/wp-content\/uploads\/2019\/05\/004.jpg\" \/>\n<meta name=\"twitter:card\" content=\"summary_large_image\" \/>\n<meta name=\"twitter:label1\" content=\"Procijenjeno vrijeme \u010ditanja\" \/>\n\t<meta name=\"twitter:data1\" content=\"3 minute\" \/>\n<script type=\"application\/ld+json\" class=\"yoast-schema-graph\">{\"@context\":\"https:\/\/schema.org\",\"@graph\":[{\"@type\":\"WebPage\",\"@id\":\"https:\/\/www.royalcathotel.hr\/web\/cuvanje-macaka-u-hotelu\/\",\"url\":\"https:\/\/www.royalcathotel.hr\/web\/cuvanje-macaka-u-hotelu\/\",\"name\":\"Usluge i cijene \u010duvanja ma\u010daka - Royal Cat Hotel\",\"isPartOf\":{\"@id\":\"https:\/\/www.royalcathotel.hr\/web\/#website\"},\"datePublished\":\"2015-01-22T15:35:12+00:00\",\"dateModified\":\"2025-11-08T20:56:34+00:00\",\"breadcrumb\":{\"@id\":\"https:\/\/www.royalcathotel.hr\/web\/cuvanje-macaka-u-hotelu\/#breadcrumb\"},\"inLanguage\":\"hr\",\"potentialAction\":[{\"@type\":\"ReadAction\",\"target\":[\"https:\/\/www.royalcathotel.hr\/web\/cuvanje-macaka-u-hotelu\/\"]}]},{\"@type\":\"BreadcrumbList\",\"@id\":\"https:\/\/www.royalcathotel.hr\/web\/cuvanje-macaka-u-hotelu\/#breadcrumb\",\"itemListElement\":[{\"@type\":\"ListItem\",\"position\":1,\"name\":\"Po\u010detna stranica\",\"item\":\"https:\/\/www.royalcathotel.hr\/web\/\"},{\"@type\":\"ListItem\",\"position\":2,\"name\":\"Usluge i cijene \u010duvanja ma\u010daka\"}]},{\"@type\":\"WebSite\",\"@id\":\"https:\/\/www.royalcathotel.hr\/web\/#website\",\"url\":\"https:\/\/www.royalcathotel.hr\/web\/\",\"name\":\"Royal Cat Hotel\",\"description\":\"\u017divot na visokoj \u0161api\",\"potentialAction\":[{\"@type\":\"SearchAction\",\"target\":{\"@type\":\"EntryPoint\",\"urlTemplate\":\"https:\/\/www.royalcathotel.hr\/web\/?s={search_term_string}\"},\"query-input\":\"required name=search_term_string\"}],\"inLanguage\":\"hr\"}]}<\/script>\n<!-- \/ Yoast SEO plugin. -->","yoast_head_json":{"title":"Usluge i cijene \u010duvanja ma\u010daka - Royal Cat Hotel","robots":{"index":"index","follow":"follow","max-snippet":"max-snippet:-1","max-image-preview":"max-image-preview:large","max-video-preview":"max-video-preview:-1"},"canonical":"https:\/\/www.royalcathotel.hr\/web\/cuvanje-macaka-u-hotelu\/","og_locale":"hr_HR","og_type":"article","og_title":"Usluge i cijene \u010duvanja ma\u010daka - Royal Cat Hotel","og_description":"Usluge i cijene \u010duvanja ma\u010dakaVlasnici mogu birati da li \u0107e donijeti vlastitu hranu za macu tijekom boravka u hotelu ili \u017eele koristiti proizvode od hotela - Super premium hrana kao \u0161to je Hill\u2019s ili Organski Bio Schesir koji sadr\u017ei \u017eitarice uzgojene bez kemijske oplodnje i meso \u017eivotinja koje se uzgaja po\u0161tuju\u0107i na\u0107ela dobrobiti \u017eivotinja, kao [&hellip;]","og_url":"https:\/\/www.royalcathotel.hr\/web\/cuvanje-macaka-u-hotelu\/","og_site_name":"Royal Cat Hotel","article_publisher":"https:\/\/www.facebook.com\/RoyalCatHotel.HR\/","article_modified_time":"2025-11-08T20:56:34+00:00","og_image":[{"url":"https:\/\/www.royalcathotel.hr\/web\/wp-content\/uploads\/2019\/05\/004.jpg"}],"twitter_card":"summary_large_image","twitter_misc":{"Procijenjeno vrijeme \u010ditanja":"3 minute"},"schema":{"@context":"https:\/\/schema.org","@graph":[{"@type":"WebPage","@id":"https:\/\/www.royalcathotel.hr\/web\/cuvanje-macaka-u-hotelu\/","url":"https:\/\/www.royalcathotel.hr\/web\/cuvanje-macaka-u-hotelu\/","name":"Usluge i cijene \u010duvanja ma\u010daka - Royal Cat Hotel","isPartOf":{"@id":"https:\/\/www.royalcathotel.hr\/web\/#website"},"datePublished":"2015-01-22T15:35:12+00:00","dateModified":"2025-11-08T20:56:34+00:00","breadcrumb":{"@id":"https:\/\/www.royalcathotel.hr\/web\/cuvanje-macaka-u-hotelu\/#breadcrumb"},"inLanguage":"hr","potentialAction":[{"@type":"ReadAction","target":["https:\/\/www.royalcathotel.hr\/web\/cuvanje-macaka-u-hotelu\/"]}]},{"@type":"BreadcrumbList","@id":"https:\/\/www.royalcathotel.hr\/web\/cuvanje-macaka-u-hotelu\/#breadcrumb","itemListElement":[{"@type":"ListItem","position":1,"name":"Po\u010detna stranica","item":"https:\/\/www.royalcathotel.hr\/web\/"},{"@type":"ListItem","position":2,"name":"Usluge i cijene \u010duvanja ma\u010daka"}]},{"@type":"WebSite","@id":"https:\/\/www.royalcathotel.hr\/web\/#website","url":"https:\/\/www.royalcathotel.hr\/web\/","name":"Royal Cat Hotel","description":"\u017divot na visokoj \u0161api","potentialAction":[{"@type":"SearchAction","target":{"@type":"EntryPoint","urlTemplate":"https:\/\/www.royalcathotel.hr\/web\/?s={search_term_string}"},"query-input":"required name=search_term_string"}],"inLanguage":"hr"}]}},"_links":{"self":[{"href":"https:\/\/www.royalcathotel.hr\/web\/wp-json\/wp\/v2\/pages\/661"}],"collection":[{"href":"https:\/\/www.royalcathotel.hr\/web\/wp-json\/wp\/v2\/pages"}],"about":[{"href":"https:\/\/www.royalcathotel.hr\/web\/wp-json\/wp\/v2\/types\/page"}],"author":[{"embeddable":true,"href":"https:\/\/www.royalcathotel.hr\/web\/wp-json\/wp\/v2\/users\/1"}],"replies":[{"embeddable":true,"href":"https:\/\/www.royalcathotel.hr\/web\/wp-json\/wp\/v2\/comments?post=661"}],"version-history":[{"count":230,"href":"https:\/\/www.royalcathotel.hr\/web\/wp-json\/wp\/v2\/pages\/661\/revisions"}],"predecessor-version":[{"id":8611,"href":"https:\/\/www.royalcathotel.hr\/web\/wp-json\/wp\/v2\/pages\/661\/revisions\/8611"}],"wp:attachment":[{"href":"https:\/\/www.royalcathotel.hr\/web\/wp-json\/wp\/v2\/media?parent=661"}],"curies":[{"name":"wp","href":"https:\/\/api.w.org\/{rel}","templated":true}]}}