{"id":5333,"date":"2015-09-02T21:23:40","date_gmt":"2015-09-02T21:23:40","guid":{"rendered":"http:\/\/export-xml.qreativethemes.com\/thelandscaper\/services\/\/?page_id=5333"},"modified":"2024-02-21T13:49:58","modified_gmt":"2024-02-21T12:49:58","slug":"udomi-macu","status":"publish","type":"page","link":"https:\/\/www.royalcathotel.hr\/web\/udomi-macu\/","title":{"rendered":"Udomi macu"},"content":{"rendered":"<div id=\"pl-5333\"  class=\"panel-layout\" ><div id=\"pg-5333-0\"  class=\"panel-grid panel-no-style\" ><div id=\"pgc-5333-0-0\"  class=\"panel-grid-cell\" ><div id=\"panel-5333-0-0-0\" class=\"so-panel widget widget_black-studio-tinymce widget_black_studio_tinymce panel-first-child panel-last-child\" data-index=\"0\" ><h3 class=\"widget-title\"><span class=\"light\">Projekt<\/span> udomljavanja maca<\/h3><div class=\"textwidget\"><p>Royal cat hotel nije fokusiran samo na vlasni\u010dke mace, ponosni smo na projekt \u00a0pod nazivom ''Udomi macu'' gdje \u017eelimo spojiti tvrtke i udruge koje se bave pomaganjem i spa\u0161avanjem napu\u0161tenih \u00a0maca kako bismo im pomogli jer su kapaciteti udruga i volontera maximalno iskori\u0161teni.<\/p>\n<p>Cilj je da pravne ili fizi\u010dke osobe sponzoriraju smje\u0161taj za jedan ili vi\u0161e boksova na min. godinu dana u kojem bi boravile mace od udruga koje su ve\u0107 du\u017ee vrijeme kod njih na skrbi te tako napravili mjesta za nove mace koje trebaju pomo\u0107. Svaki takav boks bio dobio ime po sponzoru te bismo naravno vrlo rado objavljivali slike putem svih marketin\u0161kih kanala.<\/p>\n<p>Svaka maca koja se udomi iz sponzorskog boksa odlazi u novi dom cijepljena, sterilizirana\/kastrirana, o\u010di\u0161\u0107ena od svih unutranjih i vanjskih nametnika te sa \"Start\" pokolnom za macu u kojem se nalazi hrana i poslastice, te Royal cat hotel nudi posebne pogodnosti za smje\u0161taj maca udomljenih kroz program ''Udomi macu''.<\/p>\n<p>Naravno da su svi dobrodo\u0161li koji \u017eele pomo\u0107i uli\u010dnim \u00a0macama i donirati ne\u0161to hrane za njih, ampulicu protiv nametnika, podlo\u0161ke, tabletice protiv nametnika i sl. Na kraju mjeseca navedenu donaciju \u0107emo donirati udrugama ili volonterima koji brinu o napu\u0161tenim macama te objaviti kome je donacija ustupljena.<\/p>\n<\/div><\/div><\/div><div id=\"pgc-5333-0-1\"  class=\"panel-grid-cell\" ><div id=\"panel-5333-0-1-0\" class=\"so-panel widget widget_black-studio-tinymce widget_black_studio_tinymce panel-first-child\" data-index=\"1\" ><div class=\"textwidget\"><img class=\"alignnone wp-image-7480 size-full\" src=\"https:\/\/www.royalcathotel.hr\/web\/wp-content\/uploads\/2019\/05\/slika3.jpg\" alt=\"\" width=\"850\" height=\"450\" \/><\/div><\/div><div id=\"panel-5333-0-1-1\" class=\"so-panel widget widget_text panel-last-child\" data-index=\"2\" ><h3 class=\"widget-title\"><span class=\"light\">Kontaktirajte<\/span> nas<\/h3>\t\t\t<div class=\"textwidget\"><p><strong>ROYAL CAT HOTEL<\/strong><br \/>\nRoyal Noctua j.d.o.o.<br \/>\nOIB: 67582443286<br \/>\nIvana Lackovi\u0107a Croate 26, Odra<br \/>\n10020 Zagreb<\/p>\n<p>IBAN: HR9723600001102996197<br \/>\nZagrebacka Banka<\/p>\n<p>Mob: 099\/ 39 39 900<br \/>\nMob: 095\/ 91 03 307<br \/>\nEmail: <a href=\"mailto:info@royalcathotel.hr\">info@royalcathotel.hr<\/a><br \/>\nWeb: <a href=\"http:\/\/www.royalcathotel.hr\">www.royalcathotel.hr<\/a><\/p>\n<\/div>\n\t\t<\/div><\/div><\/div><\/div>","protected":false},"excerpt":{"rendered":"<p>Projekt udomljavanja macaRoyal cat hotel nije fokusiran samo na vlasni\u010dke mace, ponosni smo na projekt \u00a0pod nazivom &#8221;Udomi macu&#8221; gdje \u017eelimo spojiti tvrtke i udruge koje se bave pomaganjem i spa\u0161avanjem napu\u0161tenih \u00a0maca kako bismo im pomogli jer su kapaciteti udruga i volontera maximalno iskori\u0161teni. Cilj je da pravne ili fizi\u010dke osobe sponzoriraju smje\u0161taj za [&hellip;]<\/p>\n","protected":false},"author":1,"featured_media":0,"parent":0,"menu_order":0,"comment_status":"closed","ping_status":"closed","template":"template-front-fullslider.php","meta":[],"yoast_head":"<!-- This site is optimized with the Yoast SEO plugin v19.13 - https:\/\/yoast.com\/wordpress\/plugins\/seo\/ -->\n<title>Udomi macu - Royal Cat Hotel<\/title>\n<meta name=\"description\" content=\"Royal cat hotel nije fokusiran samo na vlasni\u010dke mace, ponosni smo na projekt pod nazivom &#039;&#039;Udomi macu&#039;&#039; gdje \u017eelimo udomiti napu\u0161tene mace.\" \/>\n<meta name=\"robots\" content=\"index, follow, max-snippet:-1, max-image-preview:large, max-video-preview:-1\" \/>\n<link rel=\"canonical\" href=\"https:\/\/www.royalcathotel.hr\/web\/udomi-macu\/\" \/>\n<meta property=\"og:locale\" content=\"hr_HR\" \/>\n<meta property=\"og:type\" content=\"article\" \/>\n<meta property=\"og:title\" content=\"Udomi macu - Royal Cat Hotel\" \/>\n<meta property=\"og:description\" content=\"Royal cat hotel nije fokusiran samo na vlasni\u010dke mace, ponosni smo na projekt pod nazivom &#039;&#039;Udomi macu&#039;&#039; gdje \u017eelimo udomiti napu\u0161tene mace.\" \/>\n<meta property=\"og:url\" content=\"https:\/\/www.royalcathotel.hr\/web\/udomi-macu\/\" \/>\n<meta property=\"og:site_name\" content=\"Royal Cat Hotel\" \/>\n<meta property=\"article:publisher\" content=\"https:\/\/www.facebook.com\/RoyalCatHotel.HR\/\" \/>\n<meta property=\"article:modified_time\" content=\"2024-02-21T12:49:58+00:00\" \/>\n<meta property=\"og:image\" content=\"https:\/\/www.royalcathotel.hr\/web\/wp-content\/uploads\/2019\/05\/slika3.jpg\" \/>\n<meta name=\"twitter:card\" content=\"summary_large_image\" \/>\n<meta name=\"twitter:label1\" content=\"Procijenjeno vrijeme \u010ditanja\" \/>\n\t<meta name=\"twitter:data1\" content=\"2 minute\" \/>\n<script type=\"application\/ld+json\" class=\"yoast-schema-graph\">{\"@context\":\"https:\/\/schema.org\",\"@graph\":[{\"@type\":\"WebPage\",\"@id\":\"https:\/\/www.royalcathotel.hr\/web\/udomi-macu\/\",\"url\":\"https:\/\/www.royalcathotel.hr\/web\/udomi-macu\/\",\"name\":\"Udomi macu - Royal Cat Hotel\",\"isPartOf\":{\"@id\":\"https:\/\/www.royalcathotel.hr\/web\/#website\"},\"datePublished\":\"2015-09-02T21:23:40+00:00\",\"dateModified\":\"2024-02-21T12:49:58+00:00\",\"description\":\"Royal cat hotel nije fokusiran samo na vlasni\u010dke mace, ponosni smo na projekt pod nazivom ''Udomi macu'' gdje \u017eelimo udomiti napu\u0161tene mace.\",\"breadcrumb\":{\"@id\":\"https:\/\/www.royalcathotel.hr\/web\/udomi-macu\/#breadcrumb\"},\"inLanguage\":\"hr\",\"potentialAction\":[{\"@type\":\"ReadAction\",\"target\":[\"https:\/\/www.royalcathotel.hr\/web\/udomi-macu\/\"]}]},{\"@type\":\"BreadcrumbList\",\"@id\":\"https:\/\/www.royalcathotel.hr\/web\/udomi-macu\/#breadcrumb\",\"itemListElement\":[{\"@type\":\"ListItem\",\"position\":1,\"name\":\"Po\u010detna stranica\",\"item\":\"https:\/\/www.royalcathotel.hr\/web\/\"},{\"@type\":\"ListItem\",\"position\":2,\"name\":\"Udomi macu\"}]},{\"@type\":\"WebSite\",\"@id\":\"https:\/\/www.royalcathotel.hr\/web\/#website\",\"url\":\"https:\/\/www.royalcathotel.hr\/web\/\",\"name\":\"Royal Cat Hotel\",\"description\":\"\u017divot na visokoj \u0161api\",\"potentialAction\":[{\"@type\":\"SearchAction\",\"target\":{\"@type\":\"EntryPoint\",\"urlTemplate\":\"https:\/\/www.royalcathotel.hr\/web\/?s={search_term_string}\"},\"query-input\":\"required name=search_term_string\"}],\"inLanguage\":\"hr\"}]}<\/script>\n<!-- \/ Yoast SEO plugin. -->","yoast_head_json":{"title":"Udomi macu - Royal Cat Hotel","description":"Royal cat hotel nije fokusiran samo na vlasni\u010dke mace, ponosni smo na projekt pod nazivom ''Udomi macu'' gdje \u017eelimo udomiti napu\u0161tene mace.","robots":{"index":"index","follow":"follow","max-snippet":"max-snippet:-1","max-image-preview":"max-image-preview:large","max-video-preview":"max-video-preview:-1"},"canonical":"https:\/\/www.royalcathotel.hr\/web\/udomi-macu\/","og_locale":"hr_HR","og_type":"article","og_title":"Udomi macu - Royal Cat Hotel","og_description":"Royal cat hotel nije fokusiran samo na vlasni\u010dke mace, ponosni smo na projekt pod nazivom ''Udomi macu'' gdje \u017eelimo udomiti napu\u0161tene mace.","og_url":"https:\/\/www.royalcathotel.hr\/web\/udomi-macu\/","og_site_name":"Royal Cat Hotel","article_publisher":"https:\/\/www.facebook.com\/RoyalCatHotel.HR\/","article_modified_time":"2024-02-21T12:49:58+00:00","og_image":[{"url":"https:\/\/www.royalcathotel.hr\/web\/wp-content\/uploads\/2019\/05\/slika3.jpg"}],"twitter_card":"summary_large_image","twitter_misc":{"Procijenjeno vrijeme \u010ditanja":"2 minute"},"schema":{"@context":"https:\/\/schema.org","@graph":[{"@type":"WebPage","@id":"https:\/\/www.royalcathotel.hr\/web\/udomi-macu\/","url":"https:\/\/www.royalcathotel.hr\/web\/udomi-macu\/","name":"Udomi macu - Royal Cat Hotel","isPartOf":{"@id":"https:\/\/www.royalcathotel.hr\/web\/#website"},"datePublished":"2015-09-02T21:23:40+00:00","dateModified":"2024-02-21T12:49:58+00:00","description":"Royal cat hotel nije fokusiran samo na vlasni\u010dke mace, ponosni smo na projekt pod nazivom ''Udomi macu'' gdje \u017eelimo udomiti napu\u0161tene mace.","breadcrumb":{"@id":"https:\/\/www.royalcathotel.hr\/web\/udomi-macu\/#breadcrumb"},"inLanguage":"hr","potentialAction":[{"@type":"ReadAction","target":["https:\/\/www.royalcathotel.hr\/web\/udomi-macu\/"]}]},{"@type":"BreadcrumbList","@id":"https:\/\/www.royalcathotel.hr\/web\/udomi-macu\/#breadcrumb","itemListElement":[{"@type":"ListItem","position":1,"name":"Po\u010detna stranica","item":"https:\/\/www.royalcathotel.hr\/web\/"},{"@type":"ListItem","position":2,"name":"Udomi macu"}]},{"@type":"WebSite","@id":"https:\/\/www.royalcathotel.hr\/web\/#website","url":"https:\/\/www.royalcathotel.hr\/web\/","name":"Royal Cat Hotel","description":"\u017divot na visokoj \u0161api","potentialAction":[{"@type":"SearchAction","target":{"@type":"EntryPoint","urlTemplate":"https:\/\/www.royalcathotel.hr\/web\/?s={search_term_string}"},"query-input":"required name=search_term_string"}],"inLanguage":"hr"}]}},"_links":{"self":[{"href":"https:\/\/www.royalcathotel.hr\/web\/wp-json\/wp\/v2\/pages\/5333"}],"collection":[{"href":"https:\/\/www.royalcathotel.hr\/web\/wp-json\/wp\/v2\/pages"}],"about":[{"href":"https:\/\/www.royalcathotel.hr\/web\/wp-json\/wp\/v2\/types\/page"}],"author":[{"embeddable":true,"href":"https:\/\/www.royalcathotel.hr\/web\/wp-json\/wp\/v2\/users\/1"}],"replies":[{"embeddable":true,"href":"https:\/\/www.royalcathotel.hr\/web\/wp-json\/wp\/v2\/comments?post=5333"}],"version-history":[{"count":27,"href":"https:\/\/www.royalcathotel.hr\/web\/wp-json\/wp\/v2\/pages\/5333\/revisions"}],"predecessor-version":[{"id":8584,"href":"https:\/\/www.royalcathotel.hr\/web\/wp-json\/wp\/v2\/pages\/5333\/revisions\/8584"}],"wp:attachment":[{"href":"https:\/\/www.royalcathotel.hr\/web\/wp-json\/wp\/v2\/media?parent=5333"}],"curies":[{"name":"wp","href":"https:\/\/api.w.org\/{rel}","templated":true}]}}