{"id":5268,"date":"2015-09-01T10:52:48","date_gmt":"2015-09-01T10:52:48","guid":{"rendered":"http:\/\/export-xml.qreativethemes.com\/thelandscaper\/services\/\/?page_id=5268"},"modified":"2025-11-08T22:09:40","modified_gmt":"2025-11-08T21:09:40","slug":"rezervirajte-smjestaj","status":"publish","type":"page","link":"https:\/\/www.royalcathotel.hr\/web\/rezervirajte-smjestaj\/","title":{"rendered":"Zatra\u017eite ponudu"},"content":{"rendered":"<div id=\"pl-5268\"  class=\"panel-layout\" ><div id=\"pg-5268-0\"  class=\"panel-grid panel-no-style\" ><div id=\"pgc-5268-0-0\"  class=\"panel-grid-cell\" ><div id=\"panel-5268-0-0-0\" class=\"so-panel widget widget_black-studio-tinymce widget_black_studio_tinymce panel-first-child panel-last-child\" data-index=\"0\" ><div class=\"content-box panel-widget-style panel-widget-style-for-5268-0-0-0\" ><h3 class=\"widget-title\"><span class=\"light\">Zatra\u017eite<\/span> ponudu<\/h3><div class=\"textwidget\"><p>Molimo pobrinite se da na vrijeme rezervirate smje\u0161taj. Prije svake rezervacije potrebno je uplatiti <strong>50% akontacije<\/strong> od ukupnog iznosa za smje\u0161taj prema izdanoj ponudi, \u00a0na broj ra\u010duna <strong>IBAN: HR4023600001102779070<\/strong>.<\/p>\n<p>Nakon uplate akontacije dostavlja Vam se potvrda o rezervaciji smje\u0161taja za \u017eeljeni period.<\/p>\n<p>Slobodno nas kontaktirajte ukoliko imate dodatnih pitanja ili nejasno\u0107a: na mail \u00a0<a href=\"mailto:info@royalcathotel.hr\">info@royalcathotel.hr<\/a> ili se javite telefonskim putem na fiksni broj <strong>01\/ 32 32 323<\/strong>, ili na brojeve mobitela <strong>099\/39 39 900<\/strong> ili <strong>095\/ 91 03 307<\/strong>.<\/p>\n<p>Veselimo se Va\u0161im macama!<\/p>\n<\/div><\/div><\/div><\/div><div id=\"pgc-5268-0-1\"  class=\"panel-grid-cell\" ><div id=\"panel-5268-0-1-0\" class=\"so-panel widget widget_black-studio-tinymce widget_black_studio_tinymce panel-first-child panel-last-child\" data-index=\"1\" ><div class=\"textwidget\"><p>\n<div class=\"wpcf7 no-js\" id=\"wpcf7-f5267-o1\" lang=\"en-US\" dir=\"ltr\">\n<div class=\"screen-reader-response\"><p role=\"status\" aria-live=\"polite\" aria-atomic=\"true\"><\/p> <ul><\/ul><\/div>\n<form action=\"\/web\/wp-json\/wp\/v2\/pages\/5268#wpcf7-f5267-o1\" method=\"post\" class=\"wpcf7-form init\" aria-label=\"Contact form\" novalidate=\"novalidate\" data-status=\"init\">\n<div style=\"display: none;\">\n<input type=\"hidden\" name=\"_wpcf7\" value=\"5267\" \/>\n<input type=\"hidden\" name=\"_wpcf7_version\" value=\"5.7.3\" \/>\n<input type=\"hidden\" name=\"_wpcf7_locale\" value=\"en_US\" \/>\n<input type=\"hidden\" name=\"_wpcf7_unit_tag\" value=\"wpcf7-f5267-o1\" \/>\n<input type=\"hidden\" name=\"_wpcf7_container_post\" value=\"0\" \/>\n<input type=\"hidden\" name=\"_wpcf7_posted_data_hash\" value=\"\" \/>\n<\/div>\n<div class=\"row\">\n\t<div class=\"col-xs-12 col-md-6\">\n\t\t<p><span>Ime i prezime * <span class=\"wpcf7-form-control-wrap\" data-name=\"your-name\"><input size=\"40\" class=\"wpcf7-form-control wpcf7-text wpcf7-validates-as-required\" aria-required=\"true\" aria-invalid=\"false\" placeholder=\"Va\u0161e puno ime i prezime\" value=\"\" type=\"text\" name=\"your-name\" \/><\/span><\/span>\n\t\t<\/p>\n\t<\/div>\n\t<div class=\"col-xs-12 col-md-6\">\n\t\t<p><span>Adresa * <span class=\"wpcf7-form-control-wrap\" data-name=\"your-address\"><input size=\"40\" class=\"wpcf7-form-control wpcf7-text wpcf7-validates-as-required\" aria-required=\"true\" aria-invalid=\"false\" placeholder=\"Adresa\" value=\"\" type=\"text\" name=\"your-address\" \/><\/span><\/span>\n\t\t<\/p>\n\t<\/div>\n\t<div class=\"col-xs-12 col-md-6\">\n\t\t<p><span>Email adresa * <span class=\"wpcf7-form-control-wrap\" data-name=\"your-email\"><input size=\"40\" class=\"wpcf7-form-control wpcf7-text wpcf7-email wpcf7-validates-as-required wpcf7-validates-as-email\" aria-required=\"true\" aria-invalid=\"false\" placeholder=\"Email adresa\" value=\"\" type=\"email\" name=\"your-email\" \/><\/span><\/span>\n\t\t<\/p>\n\t<\/div>\n\t<div class=\"col-xs-12 col-md-6\">\n\t\t<p><span>Broj telefona * <span class=\"wpcf7-form-control-wrap\" data-name=\"your-phone\"><input size=\"40\" class=\"wpcf7-form-control wpcf7-text wpcf7-tel wpcf7-validates-as-required wpcf7-validates-as-tel\" aria-required=\"true\" aria-invalid=\"false\" placeholder=\"Broj telefona\" value=\"\" type=\"tel\" name=\"your-phone\" \/><\/span><\/span>\n\t\t<\/p>\n\t<\/div>\n\t<div class=\"col-xs-12 col-md-6\">\n\t\t<p><span>Po\u010detak smje\u0161taja * <span class=\"wpcf7-form-control-wrap\" data-name=\"the-date1\"><input class=\"wpcf7-form-control wpcf7-date wpcf7-validates-as-required wpcf7-validates-as-date\" aria-required=\"true\" aria-invalid=\"false\" value=\"\" type=\"date\" name=\"the-date1\" \/><\/span><\/span>\n\t\t<\/p>\n\t<\/div>\n\t<div class=\"col-xs-12 col-md-6\">\n\t\t<p><span>Kraj smje\u0161taja * <span class=\"wpcf7-form-control-wrap\" data-name=\"the-date2\"><input class=\"wpcf7-form-control wpcf7-date wpcf7-validates-as-required wpcf7-validates-as-date\" aria-required=\"true\" aria-invalid=\"false\" value=\"\" type=\"date\" name=\"the-date2\" \/><\/span><\/span>\n\t\t<\/p>\n\t<\/div>\n\t<div class=\"col-xs-12 col-md-6\">\n\t\t<p><span>Broj i ime maca za smje\u0161taj * <span class=\"wpcf7-form-control-wrap\" data-name=\"number\"><input size=\"40\" class=\"wpcf7-form-control wpcf7-text wpcf7-validates-as-required\" aria-required=\"true\" aria-invalid=\"false\" value=\"\" type=\"text\" name=\"number\" \/><\/span><\/span>\n\t\t<\/p>\n\t<\/div>\n<\/div>\n<div class=\"row\">\n\t<div class=\"col-xs-12 col-md-6\">\n\t\t<p><span>Interesira me paket:<\/span><span class=\"wpcf7-form-control-wrap\" data-name=\"services\"><span class=\"wpcf7-form-control wpcf7-checkbox\"><span class=\"wpcf7-list-item first\"><label><input type=\"checkbox\" name=\"services[]\" value=\"ROYAL VIP\" tabindex=\"\" \/><span class=\"wpcf7-list-item-label\">ROYAL VIP<\/span><\/label><\/span><span class=\"wpcf7-list-item last\"><label><input type=\"checkbox\" name=\"services[]\" value=\"ROYAL CLASSIC\" tabindex=\"\" \/><span class=\"wpcf7-list-item-label\">ROYAL CLASSIC<\/span><\/label><\/span><\/span><\/span>\n\t\t<\/p>\n\t<\/div>\n\t<div class=\"col-xs-12 col-md-6\">\n\t\t<p><span>Interesiraju me i dodatne usluge:<\/span><span class=\"wpcf7-form-control-wrap\" data-name=\"services\"><span class=\"wpcf7-form-control wpcf7-checkbox\"><span class=\"wpcf7-list-item first\"><label><input type=\"checkbox\" name=\"services[]\" value=\"Dnevni vrti\u0107\" tabindex=\"\" \/><span class=\"wpcf7-list-item-label\">Dnevni vrti\u0107<\/span><\/label><\/span><span class=\"wpcf7-list-item\"><label><input type=\"checkbox\" name=\"services[]\" value=\"Prijevoz do Veterinarske stanice\" tabindex=\"\" \/><span class=\"wpcf7-list-item-label\">Prijevoz do Veterinarske stanice<\/span><\/label><\/span><span class=\"wpcf7-list-item\"><label><input type=\"checkbox\" name=\"services[]\" value=\"Davanje terapije\" tabindex=\"\" \/><span class=\"wpcf7-list-item-label\">Davanje terapije<\/span><\/label><\/span><span class=\"wpcf7-list-item last\"><label><input type=\"checkbox\" name=\"services[]\" value=\"Paket Royal Spa\" tabindex=\"\" \/><span class=\"wpcf7-list-item-label\">Paket Royal Spa<\/span><\/label><\/span><\/span><\/span>\n\t\t<\/p>\n\t<\/div>\n\t<div class=\"col-xs-12 col-md-12\">\n\t\t<p><span>Napomene<\/span><span class=\"wpcf7-form-control-wrap\" data-name=\"extra-message\"><textarea cols=\"40\" rows=\"10\" class=\"wpcf7-form-control wpcf7-textarea\" aria-invalid=\"false\" placeholder=\"Napi\u0161ite poruku\" name=\"extra-message\"><\/textarea><\/span><input class=\"wpcf7-form-control has-spinner wpcf7-submit btn btn-primary\" type=\"submit\" value=\"Po\u0161alji upit\" \/>\n\t\t<\/p>\n\t<\/div>\n<\/div>\n<div clas=\"row\" style=\"margin-left:0px; padding-top:50px;\">\n\t<p><div id=\"cf7sr-69e00471279b3\" class=\"cf7sr-g-recaptcha\" data-sitekey=\"6LeDFL8ZAAAAACnoaHKALOgk11g0TJgYaMqA3gMr\"><\/div><span class=\"wpcf7-form-control-wrap cf7sr-recaptcha\" data-name=\"cf7sr-recaptcha\"><input type=\"hidden\" name=\"cf7sr-recaptcha\" value=\"\" class=\"wpcf7-form-control\"><\/span>\n\t<\/p>\n<\/div>\n<div class=\"row\">\n\t<div class=\"col-xs-12 col-md-12\">\n\t\t<p>Znate li da obra\u0111ujemo Va\u0161e osobne podatke? Va\u0161e osobne podatke obra\u0111ujemo za potrebe vo\u0111enja tvrtke kao i druge svrhe navedene u na\u0161im <a href=\"https:\/\/www.royalcathotel.hr\/web\/pravila-privatnosti\/\" target=\"_blank\">Pravilima privatnosti<\/a>. U na\u0161im pravilima mo\u017eete saznati sve o tome kako postupamo s Va\u0161im osobnim podacima.\n\t\t<\/p>\n\t<\/div>\n<\/div><p style=\"display: none !important;\"><label>&#916;<textarea name=\"_wpcf7_ak_hp_textarea\" cols=\"45\" rows=\"8\" maxlength=\"100\"><\/textarea><\/label><input type=\"hidden\" id=\"ak_js_1\" name=\"_wpcf7_ak_js\" value=\"157\"\/><script>document.getElementById( \"ak_js_1\" ).setAttribute( \"value\", ( new Date() ).getTime() );<\/script><\/p><div class=\"wpcf7-response-output\" aria-hidden=\"true\"><\/div>\n<\/form>\n<\/div>\n<\/p>\n<\/div><\/div><\/div><\/div><\/div>","protected":false},"excerpt":{"rendered":"<p>Zatra\u017eite ponuduMolimo pobrinite se da na vrijeme rezervirate smje\u0161taj. Prije svake rezervacije potrebno je uplatiti 50% akontacije od ukupnog iznosa za smje\u0161taj prema izdanoj ponudi, \u00a0na broj ra\u010duna IBAN: HR4023600001102779070. Nakon uplate akontacije dostavlja Vam se potvrda o rezervaciji smje\u0161taja za \u017eeljeni period. Slobodno nas kontaktirajte ukoliko imate dodatnih pitanja ili nejasno\u0107a: na mail \u00a0info@royalcathotel.hr [&hellip;]<\/p>\n","protected":false},"author":1,"featured_media":0,"parent":0,"menu_order":0,"comment_status":"closed","ping_status":"closed","template":"","meta":[],"yoast_head":"<!-- This site is optimized with the Yoast SEO plugin v19.13 - https:\/\/yoast.com\/wordpress\/plugins\/seo\/ -->\n<title>Zatra\u017eite ponudu - Royal Cat Hotel<\/title>\n<meta name=\"robots\" content=\"index, follow, max-snippet:-1, max-image-preview:large, max-video-preview:-1\" \/>\n<link rel=\"canonical\" href=\"https:\/\/www.royalcathotel.hr\/web\/rezervirajte-smjestaj\/\" \/>\n<meta property=\"og:locale\" content=\"hr_HR\" \/>\n<meta property=\"og:type\" content=\"article\" \/>\n<meta property=\"og:title\" content=\"Zatra\u017eite ponudu - Royal Cat Hotel\" \/>\n<meta property=\"og:description\" content=\"Zatra\u017eite ponuduMolimo pobrinite se da na vrijeme rezervirate smje\u0161taj. Prije svake rezervacije potrebno je uplatiti 50% akontacije od ukupnog iznosa za smje\u0161taj prema izdanoj ponudi, \u00a0na broj ra\u010duna IBAN: HR4023600001102779070. Nakon uplate akontacije dostavlja Vam se potvrda o rezervaciji smje\u0161taja za \u017eeljeni period. Slobodno nas kontaktirajte ukoliko imate dodatnih pitanja ili nejasno\u0107a: na mail \u00a0info@royalcathotel.hr [&hellip;]\" \/>\n<meta property=\"og:url\" content=\"https:\/\/www.royalcathotel.hr\/web\/rezervirajte-smjestaj\/\" \/>\n<meta property=\"og:site_name\" content=\"Royal Cat Hotel\" \/>\n<meta property=\"article:publisher\" content=\"https:\/\/www.facebook.com\/RoyalCatHotel.HR\/\" \/>\n<meta property=\"article:modified_time\" content=\"2025-11-08T21:09:40+00:00\" \/>\n<meta name=\"twitter:card\" content=\"summary_large_image\" \/>\n<meta name=\"twitter:label1\" content=\"Est. reading time\" \/>\n\t<meta name=\"twitter:data1\" content=\"1 minuta\" \/>\n<script type=\"application\/ld+json\" class=\"yoast-schema-graph\">{\"@context\":\"https:\/\/schema.org\",\"@graph\":[{\"@type\":\"WebPage\",\"@id\":\"https:\/\/www.royalcathotel.hr\/web\/rezervirajte-smjestaj\/\",\"url\":\"https:\/\/www.royalcathotel.hr\/web\/rezervirajte-smjestaj\/\",\"name\":\"Zatra\u017eite ponudu - Royal Cat Hotel\",\"isPartOf\":{\"@id\":\"https:\/\/www.royalcathotel.hr\/web\/#website\"},\"datePublished\":\"2015-09-01T10:52:48+00:00\",\"dateModified\":\"2025-11-08T21:09:40+00:00\",\"breadcrumb\":{\"@id\":\"https:\/\/www.royalcathotel.hr\/web\/rezervirajte-smjestaj\/#breadcrumb\"},\"inLanguage\":\"hr\",\"potentialAction\":[{\"@type\":\"ReadAction\",\"target\":[\"https:\/\/www.royalcathotel.hr\/web\/rezervirajte-smjestaj\/\"]}]},{\"@type\":\"BreadcrumbList\",\"@id\":\"https:\/\/www.royalcathotel.hr\/web\/rezervirajte-smjestaj\/#breadcrumb\",\"itemListElement\":[{\"@type\":\"ListItem\",\"position\":1,\"name\":\"Po\u010detna stranica\",\"item\":\"https:\/\/www.royalcathotel.hr\/web\/\"},{\"@type\":\"ListItem\",\"position\":2,\"name\":\"Zatra\u017eite ponudu\"}]},{\"@type\":\"WebSite\",\"@id\":\"https:\/\/www.royalcathotel.hr\/web\/#website\",\"url\":\"https:\/\/www.royalcathotel.hr\/web\/\",\"name\":\"Royal Cat Hotel\",\"description\":\"\u017divot na visokoj \u0161api\",\"potentialAction\":[{\"@type\":\"SearchAction\",\"target\":{\"@type\":\"EntryPoint\",\"urlTemplate\":\"https:\/\/www.royalcathotel.hr\/web\/?s={search_term_string}\"},\"query-input\":\"required name=search_term_string\"}],\"inLanguage\":\"hr\"}]}<\/script>\n<!-- \/ Yoast SEO plugin. -->","yoast_head_json":{"title":"Zatra\u017eite ponudu - Royal Cat Hotel","robots":{"index":"index","follow":"follow","max-snippet":"max-snippet:-1","max-image-preview":"max-image-preview:large","max-video-preview":"max-video-preview:-1"},"canonical":"https:\/\/www.royalcathotel.hr\/web\/rezervirajte-smjestaj\/","og_locale":"hr_HR","og_type":"article","og_title":"Zatra\u017eite ponudu - Royal Cat Hotel","og_description":"Zatra\u017eite ponuduMolimo pobrinite se da na vrijeme rezervirate smje\u0161taj. Prije svake rezervacije potrebno je uplatiti 50% akontacije od ukupnog iznosa za smje\u0161taj prema izdanoj ponudi, \u00a0na broj ra\u010duna IBAN: HR4023600001102779070. Nakon uplate akontacije dostavlja Vam se potvrda o rezervaciji smje\u0161taja za \u017eeljeni period. Slobodno nas kontaktirajte ukoliko imate dodatnih pitanja ili nejasno\u0107a: na mail \u00a0info@royalcathotel.hr [&hellip;]","og_url":"https:\/\/www.royalcathotel.hr\/web\/rezervirajte-smjestaj\/","og_site_name":"Royal Cat Hotel","article_publisher":"https:\/\/www.facebook.com\/RoyalCatHotel.HR\/","article_modified_time":"2025-11-08T21:09:40+00:00","twitter_card":"summary_large_image","twitter_misc":{"Est. reading time":"1 minuta"},"schema":{"@context":"https:\/\/schema.org","@graph":[{"@type":"WebPage","@id":"https:\/\/www.royalcathotel.hr\/web\/rezervirajte-smjestaj\/","url":"https:\/\/www.royalcathotel.hr\/web\/rezervirajte-smjestaj\/","name":"Zatra\u017eite ponudu - Royal Cat Hotel","isPartOf":{"@id":"https:\/\/www.royalcathotel.hr\/web\/#website"},"datePublished":"2015-09-01T10:52:48+00:00","dateModified":"2025-11-08T21:09:40+00:00","breadcrumb":{"@id":"https:\/\/www.royalcathotel.hr\/web\/rezervirajte-smjestaj\/#breadcrumb"},"inLanguage":"hr","potentialAction":[{"@type":"ReadAction","target":["https:\/\/www.royalcathotel.hr\/web\/rezervirajte-smjestaj\/"]}]},{"@type":"BreadcrumbList","@id":"https:\/\/www.royalcathotel.hr\/web\/rezervirajte-smjestaj\/#breadcrumb","itemListElement":[{"@type":"ListItem","position":1,"name":"Po\u010detna stranica","item":"https:\/\/www.royalcathotel.hr\/web\/"},{"@type":"ListItem","position":2,"name":"Zatra\u017eite ponudu"}]},{"@type":"WebSite","@id":"https:\/\/www.royalcathotel.hr\/web\/#website","url":"https:\/\/www.royalcathotel.hr\/web\/","name":"Royal Cat Hotel","description":"\u017divot na visokoj \u0161api","potentialAction":[{"@type":"SearchAction","target":{"@type":"EntryPoint","urlTemplate":"https:\/\/www.royalcathotel.hr\/web\/?s={search_term_string}"},"query-input":"required name=search_term_string"}],"inLanguage":"hr"}]}},"_links":{"self":[{"href":"https:\/\/www.royalcathotel.hr\/web\/wp-json\/wp\/v2\/pages\/5268"}],"collection":[{"href":"https:\/\/www.royalcathotel.hr\/web\/wp-json\/wp\/v2\/pages"}],"about":[{"href":"https:\/\/www.royalcathotel.hr\/web\/wp-json\/wp\/v2\/types\/page"}],"author":[{"embeddable":true,"href":"https:\/\/www.royalcathotel.hr\/web\/wp-json\/wp\/v2\/users\/1"}],"replies":[{"embeddable":true,"href":"https:\/\/www.royalcathotel.hr\/web\/wp-json\/wp\/v2\/comments?post=5268"}],"version-history":[{"count":30,"href":"https:\/\/www.royalcathotel.hr\/web\/wp-json\/wp\/v2\/pages\/5268\/revisions"}],"predecessor-version":[{"id":7169,"href":"https:\/\/www.royalcathotel.hr\/web\/wp-json\/wp\/v2\/pages\/5268\/revisions\/7169"}],"wp:attachment":[{"href":"https:\/\/www.royalcathotel.hr\/web\/wp-json\/wp\/v2\/media?parent=5268"}],"curies":[{"name":"wp","href":"https:\/\/api.w.org\/{rel}","templated":true}]}}