{"id":3,"date":"2019-04-29T13:26:12","date_gmt":"2019-04-29T11:26:12","guid":{"rendered":"https:\/\/www.royalcathotel.hr\/web\/?page_id=3"},"modified":"2019-06-04T10:00:53","modified_gmt":"2019-06-04T08:00:53","slug":"pravila-privatnosti","status":"publish","type":"page","link":"https:\/\/www.royalcathotel.hr\/web\/pravila-privatnosti\/","title":{"rendered":"Pravila privatnosti"},"content":{"rendered":"\n<h2>Pravila privatnosti<\/h2>\n\n\n\n<h2><br><\/h2>\n\n\n\n<p><\/p>\n\n\n\n<h2>1. Tko smo mi<\/h2>\n\n\n\n<p>Ovo su Op\u0107a pravila privatnosti (dalje: \u201ePravila Privatnosti\u201c) koje donosi ROYAL CAT HOTEL obrt za usluge vl. Mirjana Sovi\u0107 i Rahela Cvitkovi\u0107, OIB: 33429266368, 82465347856<\/p>\n\n\n\n<h2>2. Koje osobne podatke prikupljamo i za\u0161to<\/h2>\n\n\n\n<p>2.1. Obra\u0111ujemo Va\u0161e osobne podatke koje ste nam dali prilikom slanja upita, zahtjeva, prigovora, pohvale ili sli\u010dnog, a koji mogu uklju\u010divati sljede\u0107e osobne podatke:<\/p>\n\n\n\n<p>2.2. Ime i prezime, telefon, e-adresa, razlog obra\u0107anja, usluge koje ste odabrali i\/ili rezervirali, datum i vrijeme rezervacije, sa\u017eetak va\u0161eg upita \/ zahtjeva \/ prigovora \/ pohvale i Va\u0161e zadovoljstvo na\u0161im odgovorom.<\/p>\n\n\n\n<h2>3. U koju svrhu obra\u0111ujemo Va\u0161e osobne podatke?<\/h2>\n\n\n\n<p>3.1 Kako bismo mogli odgovoriti na Va\u0161 upit, zahtjev, prigovor, pohvale ili sli\u010dno. U tom slu\u010daju, osnova za obradu Va\u0161ih osobnih podataka je na\u0161 legitimni interes kako bismo mogli odgovoriti na Va\u0161 upit, zahtjev, prigovor, pohvalu ili sli\u010dno;<\/p>\n\n\n\n<p>3.2  Kako bismo mogli pratiti zadovoljstvo na\u0161om uslugom. U tom slu\u010daju, osnova za obradu Va\u0161ih osobnih podataka je na\u0161 legitimni interes;<\/p>\n\n\n\n<p>3.3 Kako bismo ispunili svoje zakonske obveze (primjerice \u010duvanje prigovora potro\u0161a\u010da).<\/p>\n\n\n\n<h2>4. Period dr\u017eanja Va\u0161ih osobnih podataka<\/h2>\n\n\n\n<p>4.1. Za podatke gdje postoji zakonom definirani rok \u010duvanja, Va\u0161e podatke \u010duvamo kroz taj period te ih bri\u0161emo u dodatnom periodu od godine dana<\/p>\n\n\n\n<p>4.2.  Ako ste na\u0161i poslovni partneri za koje ne postoji definirani zakonski rok \u010duvanja, dr\u017eimo za cijelo vrijeme va\u017eenja ugovora kojeg imamo sklopljenog s Vama. Po prestanku ugovora, Va\u0161e podatke bri\u0161emo u dodatnom periodu od 6 godina od prestanka ugovora (zastarni period od 5 godina, uve\u0107an za 1 godi\u0161nji period za brisanje).<\/p>\n\n\n\n<p>4.3.  Osobne podatke koje obra\u0111ujemo na temelju na\u0161eg legitimnog interesa, \u010duvamo sve dok postoji na\u0161 legitimni interes, te ih bri\u0161emo u periodu od 1 godine od prestanka na\u0161eg legitimnog interesa.<\/p>\n\n\n\n<p>4.4.  Osobne podatke koje obra\u0111ujemo na temelju Va\u0161e suglasnosti, \u010duvamo sve dok imamo Va\u0161u suglasnost. U slu\u010daju povla\u010denja suglasnosti, iste bri\u0161emo u najkra\u0107em, nama mogu\u0107em, roku.<\/p>\n\n\n\n<p>4.5.  U slu\u010daju snimki prikupljenih videonadzorom, njih \u010duvamo 30 dana, osim kada se u pojedinom slu\u010daju pojavi potreba za kori\u0161tenje pojedine snimke kao dokaznog materijala<\/p>\n\n\n\n<h2>5. Kola\u010di\u0107i<\/h2>\n\n\n\n<p>Kako bi posje\u0107ivanje na\u0161e internetske stranice bilo \u0161to ugodnije, ova stranica mora na Va\u0161e ra\u010dunalo spremiti malenu koli\u010dinu informacija, tzv. kola\u010di\u0107a (eng. cookies). Kola\u010di\u0107i, izme\u0111u ostalog, slu\u017ee da bi web stranica radila optimalno te kako bismo bili u stanju vr\u0161iti daljnja unaprje\u0111enja stranice u svrhu pobolj\u0161avanja Va\u0161ega iskustva pregledavanja. Kori\u0161tenjem ove web stranice pristajete na uporabu kola\u010di\u0107a. Blokiranje kola\u010di\u0107a je mogu\u0107e, nakon \u010dega \u0107ete i dalje mo\u0107i pregledavati stranicu, no neke njezine mogu\u0107nosti ne\u0107e Vam biti dostupne.<\/p>\n\n\n\n<p><strong>\u0160to je kola\u010di\u0107?<\/strong><br> Kola\u010di\u0107 je informacija spremljena na Va\u0161e ra\u010dunalo, tablet ili mobitel, koja mo\u017ee biti dostavljena neposredno od strane web stranice koju posjetite (kola\u010di\u0107i od prve strane) ili u suradnji i za potrebe web stranice koju posjetite od tre\u0107e strane (kola\u010di\u0107i tre\u0107e strane). Kola\u010di\u0107i obi\u010dno spremaju Va\u0161e postavke, postavke za web stranicu, kao \u0161to su npr. preferirani jezik ili sli\u010dne postavke. Kasnije, kada opet otvorite istu web stranicu, internetski preglednik \u0161alje natrag kola\u010di\u0107e koji pripadaju toj stranici. Ovo omogu\u0107ava stranici da prika\u017ee informacije prilago\u0111ene Va\u0161im potrebama. Kola\u010di\u0107i mogu spremati \u0161irok raspon informacija, uklju\u010duju\u0107i i dio osobnih informacija. Te informacije mogu biti spremljene jedino ukoliko Vi to omogu\u0107ite &#8211; web stranice ne mogu dobiti pristup informacijama koje im niste dali te ne mogu pristupiti drugim datotekama na Va\u0161em ra\u010dunalu.<\/p>\n\n\n\n<p><strong>Kori\u0161tenje kola\u010di\u0107a na www.royalcathotel.hr<\/strong><br> www.royalcathotel.hr koristi kola\u010di\u0107e kako bi omogu\u0107ili bolje korisni\u010dko iskustvo. Kada koristite na\u0161u internetsku stranicu mo\u017eete tako\u0111er zaprimiti kola\u010di\u0107 \u201etre\u0107e strane\u201c.<\/p>\n\n\n\n<p>www.royalcathotel.hr upotrebljava kola\u010di\u0107e u svrhu pra\u0107enja statisti\u010dke posje\u0107enost web stranice radi dobivanja nu\u017enih informacija o uspje\u0161nosti web stranice i pri tom tako\u0111er koristi uslugu tre\u0107e strane pod nazivom Google Analytics. www.royalcathotel.hr tako\u0111er upotrebljava kola\u010di\u0107e u svrhu ogla\u0161avanja proizvoda\/usluga ROYAL CAT HOTEL obrta i to na samoj web stranici, na prikaziva\u010dkim mre\u017eama i kroz kori\u0161tenje ponovnog marketinga na usluzi Google Analytics. Upotrebom kola\u010di\u0107a dobavlja\u010di tre\u0107e strane (uklju\u010duju\u0107i i Google), u suradnji sa ROYAL CAT HOTEL obrta, prikazuju oglase ROYAL CAT HOTEL obrta na web-lokacijama na cijelom internetu. Posebno isti\u010demo da mo\u017eete isklju\u010diti usluge Google Analytics za ogla\u0161avanje na prikaziva\u010dkoj mre\u017ei i prilagoditi oglase za Google prikaziva\u010dku mre\u017eu pomo\u0107u alata Upravitelj postavki oglasa (http:\/\/www.google.com\/settings\/ads). Tako\u0111er, u svrhu planiranja objava sadr\u017eaja primjerenih Va\u0161im interesima i budu\u0107ih marketin\u0161kih kampanja koristimo alat Google Analytics Demographics and Interest Reporting gdje mo\u017eemo upotrebljavati podatke iz Googleova ogla\u0161avanja na temelju interesa ili podataka o publici tre\u0107e strane (npr. dob, spol i interesi) na usluzi Google Analytics. Detaljne informacije tre\u0107e strane o ovoj usluzi, kao i o mogu\u0107nostima korisnika da reguliraju postavke kola\u010di\u0107a koji su za to nu\u017eni, dostupne su na: http:\/\/www.google.com\/analytics\/learn\/privacy.html.<\/p>\n\n\n\n<p><strong>Kako onemogu\u0107iti kola\u010di\u0107e?<\/strong><br> Ukoliko \u017eelite mo\u017eete onemogu\u0107iti spremanje kola\u010di\u0107a na Va\u0161e ra\u010dunalo, no blokiranje svih kola\u010di\u0107a moglo bi imati negativan u\u010dinak na kori\u0161tenje mnogih internetskih stranica, pa tako i ove. Postavke kola\u010di\u0107a mogu se kontrolirati i konfigurirati u Va\u0161em internetskome pregledniku. \u017delite li izbrisati ili onemogu\u0107iti kola\u010di\u0107e na svojem ra\u010dunalu potrebno je a\u017eurirati postavke svojeg internetskog preglednika (informacije o na\u010dinu brisanja i onemogu\u0107avanja kola\u010di\u0107a potra\u017eite na svojem pregledniku odabirom izbornika za pomo\u0107).<\/p>\n\n\n\n<p>Dodatne informacija oko isklju\u010divanja kola\u010di\u0107a<br>\nTrenutno postoji nekoliko web-stranica za isklju\u010divanje pohranjivanja kola\u010di\u0107a za razli\u010dite servise. Vi\u0161e se mo\u017eete informirati na sljede\u0107im web adresama:<\/p>\n\n\n\n<p><a href=\"http:\/\/www.allaboutcookies.org\">http:\/\/www.allaboutcookies.org<\/a><br><a href=\"http:\/\/www.youronlinechoices.com\/hr\">http:\/\/www.youronlinechoices.com\/hr<\/a><br><a href=\"http:\/\/www.aboutads.info\/choices\">http:\/\/www.aboutads.info\/choices<\/a><\/p>\n\n\n\n<h2>6. Ugra\u0111eni sadr\u017eaj s drugih web-stranica<\/h2>\n\n\n\n<p>\u010clanci na ovoj web-stranici mogu sadr\u017eavati ugra\u0111eni sadr\u017eaj (npr. video, slike, \u010dlanke, itd.). Ugra\u0111eni sadr\u017eaj sa drugih web-stranica pona\u0161a se istovjetno kao da je posjetitelj posjetio tu drugu web-stranicu.<\/p>\n\n\n\n<p>Ove web-stranice mo\u017eda prikupljaju podatke o vama, koriste kola\u010di\u0107e, imaju ugra\u0111eno dodatno pra\u0107enje od tre\u0107ih strana, i nadgledaju va\u0161u interakciju s tim ugra\u0111enim sadr\u017eajem, uklju\u010duju\u0107i pra\u0107enje va\u0161e interakcije s ugra\u0111enim sadr\u017eajem ako imate ra\u010dun i prijavljeni ste na web-stranici.<\/p>\n","protected":false},"excerpt":{"rendered":"<p>Pravila privatnosti 1. Tko smo mi Ovo su Op\u0107a pravila privatnosti (dalje: \u201ePravila Privatnosti\u201c) koje donosi ROYAL CAT HOTEL obrt za usluge vl. Mirjana Sovi\u0107 i Rahela Cvitkovi\u0107, OIB: 33429266368, 82465347856 2. Koje osobne podatke prikupljamo i za\u0161to 2.1. Obra\u0111ujemo Va\u0161e osobne podatke koje ste nam dali prilikom slanja upita, zahtjeva, prigovora, pohvale ili sli\u010dnog, [&hellip;]<\/p>\n","protected":false},"author":1,"featured_media":0,"parent":0,"menu_order":0,"comment_status":"closed","ping_status":"open","template":"","meta":[],"yoast_head":"<!-- This site is optimized with the Yoast SEO plugin v19.13 - https:\/\/yoast.com\/wordpress\/plugins\/seo\/ -->\n<title>Pravila privatnosti - Royal Cat Hotel<\/title>\n<meta name=\"robots\" content=\"index, follow, max-snippet:-1, max-image-preview:large, max-video-preview:-1\" \/>\n<link rel=\"canonical\" href=\"https:\/\/www.royalcathotel.hr\/web\/pravila-privatnosti\/\" \/>\n<meta property=\"og:locale\" content=\"hr_HR\" \/>\n<meta property=\"og:type\" content=\"article\" \/>\n<meta property=\"og:title\" content=\"Pravila privatnosti - Royal Cat Hotel\" \/>\n<meta property=\"og:description\" content=\"Pravila privatnosti 1. Tko smo mi Ovo su Op\u0107a pravila privatnosti (dalje: \u201ePravila Privatnosti\u201c) koje donosi ROYAL CAT HOTEL obrt za usluge vl. Mirjana Sovi\u0107 i Rahela Cvitkovi\u0107, OIB: 33429266368, 82465347856 2. Koje osobne podatke prikupljamo i za\u0161to 2.1. Obra\u0111ujemo Va\u0161e osobne podatke koje ste nam dali prilikom slanja upita, zahtjeva, prigovora, pohvale ili sli\u010dnog, [&hellip;]\" \/>\n<meta property=\"og:url\" content=\"https:\/\/www.royalcathotel.hr\/web\/pravila-privatnosti\/\" \/>\n<meta property=\"og:site_name\" content=\"Royal Cat Hotel\" \/>\n<meta property=\"article:publisher\" content=\"https:\/\/www.facebook.com\/RoyalCatHotel.HR\/\" \/>\n<meta property=\"article:modified_time\" content=\"2019-06-04T08:00:53+00:00\" \/>\n<meta name=\"twitter:card\" content=\"summary_large_image\" \/>\n<meta name=\"twitter:label1\" content=\"Procijenjeno vrijeme \u010ditanja\" \/>\n\t<meta name=\"twitter:data1\" content=\"6 minuta\" \/>\n<script type=\"application\/ld+json\" class=\"yoast-schema-graph\">{\"@context\":\"https:\/\/schema.org\",\"@graph\":[{\"@type\":\"WebPage\",\"@id\":\"https:\/\/www.royalcathotel.hr\/web\/pravila-privatnosti\/\",\"url\":\"https:\/\/www.royalcathotel.hr\/web\/pravila-privatnosti\/\",\"name\":\"Pravila privatnosti - Royal Cat Hotel\",\"isPartOf\":{\"@id\":\"https:\/\/www.royalcathotel.hr\/web\/#website\"},\"datePublished\":\"2019-04-29T11:26:12+00:00\",\"dateModified\":\"2019-06-04T08:00:53+00:00\",\"breadcrumb\":{\"@id\":\"https:\/\/www.royalcathotel.hr\/web\/pravila-privatnosti\/#breadcrumb\"},\"inLanguage\":\"hr\",\"potentialAction\":[{\"@type\":\"ReadAction\",\"target\":[\"https:\/\/www.royalcathotel.hr\/web\/pravila-privatnosti\/\"]}]},{\"@type\":\"BreadcrumbList\",\"@id\":\"https:\/\/www.royalcathotel.hr\/web\/pravila-privatnosti\/#breadcrumb\",\"itemListElement\":[{\"@type\":\"ListItem\",\"position\":1,\"name\":\"Po\u010detna stranica\",\"item\":\"https:\/\/www.royalcathotel.hr\/web\/\"},{\"@type\":\"ListItem\",\"position\":2,\"name\":\"Pravila privatnosti\"}]},{\"@type\":\"WebSite\",\"@id\":\"https:\/\/www.royalcathotel.hr\/web\/#website\",\"url\":\"https:\/\/www.royalcathotel.hr\/web\/\",\"name\":\"Royal Cat Hotel\",\"description\":\"\u017divot na visokoj \u0161api\",\"potentialAction\":[{\"@type\":\"SearchAction\",\"target\":{\"@type\":\"EntryPoint\",\"urlTemplate\":\"https:\/\/www.royalcathotel.hr\/web\/?s={search_term_string}\"},\"query-input\":\"required name=search_term_string\"}],\"inLanguage\":\"hr\"}]}<\/script>\n<!-- \/ Yoast SEO plugin. -->","yoast_head_json":{"title":"Pravila privatnosti - Royal Cat Hotel","robots":{"index":"index","follow":"follow","max-snippet":"max-snippet:-1","max-image-preview":"max-image-preview:large","max-video-preview":"max-video-preview:-1"},"canonical":"https:\/\/www.royalcathotel.hr\/web\/pravila-privatnosti\/","og_locale":"hr_HR","og_type":"article","og_title":"Pravila privatnosti - Royal Cat Hotel","og_description":"Pravila privatnosti 1. Tko smo mi Ovo su Op\u0107a pravila privatnosti (dalje: \u201ePravila Privatnosti\u201c) koje donosi ROYAL CAT HOTEL obrt za usluge vl. Mirjana Sovi\u0107 i Rahela Cvitkovi\u0107, OIB: 33429266368, 82465347856 2. Koje osobne podatke prikupljamo i za\u0161to 2.1. Obra\u0111ujemo Va\u0161e osobne podatke koje ste nam dali prilikom slanja upita, zahtjeva, prigovora, pohvale ili sli\u010dnog, [&hellip;]","og_url":"https:\/\/www.royalcathotel.hr\/web\/pravila-privatnosti\/","og_site_name":"Royal Cat Hotel","article_publisher":"https:\/\/www.facebook.com\/RoyalCatHotel.HR\/","article_modified_time":"2019-06-04T08:00:53+00:00","twitter_card":"summary_large_image","twitter_misc":{"Procijenjeno vrijeme \u010ditanja":"6 minuta"},"schema":{"@context":"https:\/\/schema.org","@graph":[{"@type":"WebPage","@id":"https:\/\/www.royalcathotel.hr\/web\/pravila-privatnosti\/","url":"https:\/\/www.royalcathotel.hr\/web\/pravila-privatnosti\/","name":"Pravila privatnosti - Royal Cat Hotel","isPartOf":{"@id":"https:\/\/www.royalcathotel.hr\/web\/#website"},"datePublished":"2019-04-29T11:26:12+00:00","dateModified":"2019-06-04T08:00:53+00:00","breadcrumb":{"@id":"https:\/\/www.royalcathotel.hr\/web\/pravila-privatnosti\/#breadcrumb"},"inLanguage":"hr","potentialAction":[{"@type":"ReadAction","target":["https:\/\/www.royalcathotel.hr\/web\/pravila-privatnosti\/"]}]},{"@type":"BreadcrumbList","@id":"https:\/\/www.royalcathotel.hr\/web\/pravila-privatnosti\/#breadcrumb","itemListElement":[{"@type":"ListItem","position":1,"name":"Po\u010detna stranica","item":"https:\/\/www.royalcathotel.hr\/web\/"},{"@type":"ListItem","position":2,"name":"Pravila privatnosti"}]},{"@type":"WebSite","@id":"https:\/\/www.royalcathotel.hr\/web\/#website","url":"https:\/\/www.royalcathotel.hr\/web\/","name":"Royal Cat Hotel","description":"\u017divot na visokoj \u0161api","potentialAction":[{"@type":"SearchAction","target":{"@type":"EntryPoint","urlTemplate":"https:\/\/www.royalcathotel.hr\/web\/?s={search_term_string}"},"query-input":"required name=search_term_string"}],"inLanguage":"hr"}]}},"_links":{"self":[{"href":"https:\/\/www.royalcathotel.hr\/web\/wp-json\/wp\/v2\/pages\/3"}],"collection":[{"href":"https:\/\/www.royalcathotel.hr\/web\/wp-json\/wp\/v2\/pages"}],"about":[{"href":"https:\/\/www.royalcathotel.hr\/web\/wp-json\/wp\/v2\/types\/page"}],"author":[{"embeddable":true,"href":"https:\/\/www.royalcathotel.hr\/web\/wp-json\/wp\/v2\/users\/1"}],"replies":[{"embeddable":true,"href":"https:\/\/www.royalcathotel.hr\/web\/wp-json\/wp\/v2\/comments?post=3"}],"version-history":[{"count":41,"href":"https:\/\/www.royalcathotel.hr\/web\/wp-json\/wp\/v2\/pages\/3\/revisions"}],"predecessor-version":[{"id":7825,"href":"https:\/\/www.royalcathotel.hr\/web\/wp-json\/wp\/v2\/pages\/3\/revisions\/7825"}],"wp:attachment":[{"href":"https:\/\/www.royalcathotel.hr\/web\/wp-json\/wp\/v2\/media?parent=3"}],"curies":[{"name":"wp","href":"https:\/\/api.w.org\/{rel}","templated":true}]}}